{"id":10198,"date":"2020-12-17T20:45:14","date_gmt":"2020-12-17T19:45:14","guid":{"rendered":"https:\/\/shop.chiquebuer.de\/beaute\/?post_type=product&#038;p=10198"},"modified":"2021-02-11T11:30:47","modified_gmt":"2021-02-11T10:30:47","slug":"lash-foam-luxury-wimpernshampoo","status":"publish","type":"product","link":"https:\/\/shop.chiquebuer.de\/beaute\/kaufen\/wimpern-und-naegel\/lash-foam-luxury-wimpernshampoo\/","title":{"rendered":"Lash Foam Luxury Wimpernshampoo"},"content":{"rendered":"<p><strong>Unser neues Luxury Wimpernshampoo ist sensitiv, geruchsneutral und absolut vertr\u00e4glich. Je besser die Wimpern von Staub, Fetten und Make-up Resten gereinigt werden, desto besser ist die Haltbarkeit der Extensions.<\/strong><\/p>\n<p>Wir empfehlen die Anwendung 1x t\u00e4glich abends.<\/p>\n<p>Regelm\u00e4\u00dfige Reinigung der Wimpern verl\u00e4ngert die Haltbarkeit der Extensions und kann Krankheiten durch Verunreinigungen verhindern.<\/p>\n<p><strong>Inhaltsstoffe<\/strong><br \/>\nWater, Cocamidopropyl Betaine, Decyl Glucosine, Polysorbate 20, Glycerin, Panthenol, Sodium Pca, Sorbitol, Aloe Barbadensis Leaf extract, Cucumis sativus fruit extract, Camellia sinensis leaf extract, Punica granatum extract, Anthemis nobilis, Phenoxyethanol, Ethylhexylglycerin, Citric acid<\/p>\n","protected":false},"excerpt":{"rendered":"<p>Unser neues Luxury Wimpernshampoo ist sensitiv, geruchsneutral und absolut vertr\u00e4glich. Je besser die Wimpern von Staub, Fetten und Make-up Resten<\/p>\n","protected":false},"featured_media":10188,"template":"","meta":[],"product_brand":[],"product_cat":[120],"product_tag":[],"class_list":{"0":"post-10198","1":"product","2":"type-product","3":"status-publish","4":"has-post-thumbnail","6":"product_cat-wimpern-und-naegel","8":"first","9":"instock","10":"taxable","11":"shipping-taxable","12":"purchasable","13":"product-type-simple"},"_links":{"self":[{"href":"https:\/\/shop.chiquebuer.de\/beaute\/wp-json\/wp\/v2\/product\/10198","targetHints":{"allow":["GET"]}}],"collection":[{"href":"https:\/\/shop.chiquebuer.de\/beaute\/wp-json\/wp\/v2\/product"}],"about":[{"href":"https:\/\/shop.chiquebuer.de\/beaute\/wp-json\/wp\/v2\/types\/product"}],"version-history":[{"count":0,"href":"https:\/\/shop.chiquebuer.de\/beaute\/wp-json\/wp\/v2\/product\/10198\/revisions"}],"wp:featuredmedia":[{"embeddable":true,"href":"https:\/\/shop.chiquebuer.de\/beaute\/wp-json\/wp\/v2\/media\/10188"}],"wp:attachment":[{"href":"https:\/\/shop.chiquebuer.de\/beaute\/wp-json\/wp\/v2\/media?parent=10198"}],"wp:term":[{"taxonomy":"product_brand","embeddable":true,"href":"https:\/\/shop.chiquebuer.de\/beaute\/wp-json\/wp\/v2\/product_brand?post=10198"},{"taxonomy":"product_cat","embeddable":true,"href":"https:\/\/shop.chiquebuer.de\/beaute\/wp-json\/wp\/v2\/product_cat?post=10198"},{"taxonomy":"product_tag","embeddable":true,"href":"https:\/\/shop.chiquebuer.de\/beaute\/wp-json\/wp\/v2\/product_tag?post=10198"}],"curies":[{"name":"wp","href":"https:\/\/api.w.org\/{rel}","templated":true}]}}