{"id":10166,"date":"2020-12-17T14:27:02","date_gmt":"2020-12-17T13:27:02","guid":{"rendered":"https:\/\/shop.chiquebuer.de\/beaute\/?post_type=product&#038;p=10166"},"modified":"2023-02-21T16:43:17","modified_gmt":"2023-02-21T15:43:17","slug":"time-control-retinight-essence","status":"publish","type":"product","link":"https:\/\/shop.chiquebuer.de\/beaute\/kaufen\/gesichtspflege\/nachtpflege\/time-control-retinight-essence\/","title":{"rendered":"TIME CONTROL Retinight Essence"},"content":{"rendered":"<p><strong>Regenerierendes Intensivserum f\u00fcr die Nacht<\/strong><\/p>\n<p>Die einzigartige Wirkstoffkombination mindert ausgepr\u00e4gte Falten und l\u00e4sst die Haut wieder glatter und fester wirken. Durch die Kombination von Vitamin A und dem Aktivstoff Vitanol\u00ae BIO verringert die TIME CONTROL RetiNight Essence Faltentiefe (-26%) und Faltenvolumen (-11%). Der Spannungszustand der Haut wird um +18% verbessert. Zus\u00e4tzliche Feuchtigkeitssfaktoren und Peptide steigern den hauteigenen Wassergehalt und unterst\u00fctzen die hauteigenen Reparaturprozesse. F\u00fcr eine glatte, jugendlich wirkende Haut.<\/p>\n<p><strong>Inhaltsstoffe<\/strong><br \/>\nAqua (Water), Glycerin, Propylheptyl Caprylate, Olea Europaea (Olive) Fruit Oil, Coco-Caprylate\/Caprate, C14-22 Alcohols, Helianthus Annuus (Sunflower) Hybrid Oil, Sesamum Indicum (Sesame) Seed Oil, Camellia Oleifera Seed Oil, Xylitylglucoside, Myristyl Alcohol, Vaccinium Macrocarpon (Cranberry) Seed Oil, Medicago Sativa (Alfalfa) Extract, Rosmarinus Officinalis (Rosemary) leaf Extract, Oenothera Biennis (Evening Primrose) Oil, Helianthus Annuus (Sunflower) Seed Oil, Palmitoyl Tripeptide-1, Palmitoyl Tetrapeptide-7, Palmitoyl Proline, Retinyl Palmitate, Xylitol, Magnesium Palmitoyl Glutamate, Anhydroxylitol, Sodium Palmitoyl Sarcosinate, Coco-Glucoside, Myristyl Glucoside, Butylene Glycol, Ascorbyl Palmitate, Hydroxyethyl Acrylate\/Sodium Acryloyldimethyl Taurate Copolymer, C12-20 Alkyl Glucoside, Carbomer, Xanthan Gum, Tocopherol, P-Anisic Acid, Sodium Hydroxide, Ethylhexylglycerin, Phenoxyethanol, Sodium Benzoate, Parfum (Fragrance)<\/p>\n","protected":false},"excerpt":{"rendered":"<p>Regenerierendes Intensivserum f\u00fcr die Nacht Die einzigartige Wirkstoffkombination mindert ausgepr\u00e4gte Falten und l\u00e4sst die Haut wieder glatter und fester wirken.<\/p>\n","protected":false},"featured_media":9871,"template":"","meta":[],"product_brand":[],"product_cat":[68,70],"product_tag":[],"class_list":{"0":"post-10166","1":"product","2":"type-product","3":"status-publish","4":"has-post-thumbnail","6":"product_cat-nachtpflege","7":"product_cat-serum","9":"first","10":"instock","11":"taxable","12":"shipping-taxable","13":"purchasable","14":"product-type-simple"},"_links":{"self":[{"href":"https:\/\/shop.chiquebuer.de\/beaute\/wp-json\/wp\/v2\/product\/10166","targetHints":{"allow":["GET"]}}],"collection":[{"href":"https:\/\/shop.chiquebuer.de\/beaute\/wp-json\/wp\/v2\/product"}],"about":[{"href":"https:\/\/shop.chiquebuer.de\/beaute\/wp-json\/wp\/v2\/types\/product"}],"version-history":[{"count":0,"href":"https:\/\/shop.chiquebuer.de\/beaute\/wp-json\/wp\/v2\/product\/10166\/revisions"}],"wp:featuredmedia":[{"embeddable":true,"href":"https:\/\/shop.chiquebuer.de\/beaute\/wp-json\/wp\/v2\/media\/9871"}],"wp:attachment":[{"href":"https:\/\/shop.chiquebuer.de\/beaute\/wp-json\/wp\/v2\/media?parent=10166"}],"wp:term":[{"taxonomy":"product_brand","embeddable":true,"href":"https:\/\/shop.chiquebuer.de\/beaute\/wp-json\/wp\/v2\/product_brand?post=10166"},{"taxonomy":"product_cat","embeddable":true,"href":"https:\/\/shop.chiquebuer.de\/beaute\/wp-json\/wp\/v2\/product_cat?post=10166"},{"taxonomy":"product_tag","embeddable":true,"href":"https:\/\/shop.chiquebuer.de\/beaute\/wp-json\/wp\/v2\/product_tag?post=10166"}],"curies":[{"name":"wp","href":"https:\/\/api.w.org\/{rel}","templated":true}]}}