{"id":10163,"date":"2020-12-17T14:23:03","date_gmt":"2020-12-17T13:23:03","guid":{"rendered":"https:\/\/shop.chiquebuer.de\/beaute\/?post_type=product&#038;p=10163"},"modified":"2023-02-21T16:42:24","modified_gmt":"2023-02-21T15:42:24","slug":"time-control-night-cream","status":"publish","type":"product","link":"https:\/\/shop.chiquebuer.de\/beaute\/kaufen\/gesichtspflege\/nachtpflege\/time-control-night-cream\/","title":{"rendered":"TIME CONTROL Night Cream"},"content":{"rendered":"<p><strong>Zellerneuernde Aufbaupflege f\u00fcr die Nacht<\/strong><\/p>\n<p>Sorgt f\u00fcr die n\u00e4chtliche Regeneration und den Wiederaufbau der Haut. Mit Carnosin und Vitamin A. In Kombination mit Matrixyl\u00ae 3000 und Mariendistel\u00f6l aktivieren die Wirkstoffe die Leistungsf\u00e4higkeit der Zellen und beschleunigen den Prozess der Zellerneuerung. Das Hautbindegewebe wird gest\u00fctzt, die Kollagenfasern bleiben geschmeidig. Die Haut erholt sich \u00fcber Nacht und wird geschmeidig. Falten erscheinen sichtbar glatter.<\/p>\n<p><strong>Inhaltsstoffe<\/strong><br \/>\nAqua (Water), Aloe Barbadensis Leaf Juice, Glycerin, Squalane, Simmondsia Chinensis (Jojoba) Seed Oil, Olea Europaea (Olive) Oil Unsaponifiables, Decyl Oleate, Cetearyl Alcohol, Macadamia Integrifolia Seed Oil, Persea Gratissima (Avocado) Oil, Pentylene Glycol, Behenyl Alcohol, Silybum Marianum Seed Oil, Octyldodecanol, Limnanthes Alba (Meadowfoam) Seed Oil, Tocopheryl Acetate, Xylitylglucoside, Butyrospermum Parkii (Shea Butter) Extract, Cetearyl Glucoside, Anhydroxylitol, Xylitol, Butylene Glycol, Hydroxyethyl Acrylate\/Sodium Acryloyldimethyl Taurate Copolymer, Potassium Cetyl Phosphate, Allantoin, Decarboxy Carnosine HCL, Retinyl Palmitate, Palmitoyl Tripeptide-1, Palmitoyl Tetrapeptide-7, Hydrogenated Palm Glycerides Citrate, Tocopherol, Lecithin, Dimethicone, Glyceryl Stearate, Glyceryl Oleate, Ascorbyl Palmitate, Xanthan Gum, Carbomer, Coco-Glucoside, Sodium Hydroxide, Citric Acid, Ethylhexylglycerin, Phenoxyethanol, Parfum (Fragrance)<\/p>\n","protected":false},"excerpt":{"rendered":"<p>Zellerneuernde Aufbaupflege f\u00fcr die Nacht Sorgt f\u00fcr die n\u00e4chtliche Regeneration und den Wiederaufbau der Haut. Mit Carnosin und Vitamin A.<\/p>\n","protected":false},"featured_media":9868,"template":"","meta":[],"product_brand":[],"product_cat":[68],"product_tag":[],"class_list":{"0":"post-10163","1":"product","2":"type-product","3":"status-publish","4":"has-post-thumbnail","6":"product_cat-nachtpflege","8":"first","9":"instock","10":"taxable","11":"shipping-taxable","12":"purchasable","13":"product-type-simple"},"_links":{"self":[{"href":"https:\/\/shop.chiquebuer.de\/beaute\/wp-json\/wp\/v2\/product\/10163","targetHints":{"allow":["GET"]}}],"collection":[{"href":"https:\/\/shop.chiquebuer.de\/beaute\/wp-json\/wp\/v2\/product"}],"about":[{"href":"https:\/\/shop.chiquebuer.de\/beaute\/wp-json\/wp\/v2\/types\/product"}],"version-history":[{"count":0,"href":"https:\/\/shop.chiquebuer.de\/beaute\/wp-json\/wp\/v2\/product\/10163\/revisions"}],"wp:featuredmedia":[{"embeddable":true,"href":"https:\/\/shop.chiquebuer.de\/beaute\/wp-json\/wp\/v2\/media\/9868"}],"wp:attachment":[{"href":"https:\/\/shop.chiquebuer.de\/beaute\/wp-json\/wp\/v2\/media?parent=10163"}],"wp:term":[{"taxonomy":"product_brand","embeddable":true,"href":"https:\/\/shop.chiquebuer.de\/beaute\/wp-json\/wp\/v2\/product_brand?post=10163"},{"taxonomy":"product_cat","embeddable":true,"href":"https:\/\/shop.chiquebuer.de\/beaute\/wp-json\/wp\/v2\/product_cat?post=10163"},{"taxonomy":"product_tag","embeddable":true,"href":"https:\/\/shop.chiquebuer.de\/beaute\/wp-json\/wp\/v2\/product_tag?post=10163"}],"curies":[{"name":"wp","href":"https:\/\/api.w.org\/{rel}","templated":true}]}}