{"id":10161,"date":"2020-12-17T14:18:41","date_gmt":"2020-12-17T13:18:41","guid":{"rendered":"https:\/\/shop.chiquebuer.de\/beaute\/?post_type=product&#038;p=10161"},"modified":"2023-02-21T16:42:48","modified_gmt":"2023-02-21T15:42:48","slug":"time-control-eye-cream","status":"publish","type":"product","link":"https:\/\/shop.chiquebuer.de\/beaute\/kaufen\/gesichtspflege\/augenpflege\/time-control-eye-cream\/","title":{"rendered":"TIME CONTROL Eye Cream"},"content":{"rendered":"<p><strong>Gl\u00e4ttende Augenpflege<\/strong><\/p>\n<p>Reduziert Augenf\u00e4ltchen und verfeinert die Poren durch den nat\u00fcrlichen Wirkstoff AquaPront bestehend aus Hyalurons\u00e4ure und Gerste. Zusammen mit den Wirkstoffen Matrixyl\u00ae 3000 und Mariendistel\u00f6l wird die Augenpartie sp\u00fcrbar praller und glatter. Die d\u00fcnne Haut im Bereich der Augen wird lang anhaltend mit Feuchtigkeit versorgt.<\/p>\n<p><strong>Inhaltsstoffe<\/strong><br \/>\nAqua (Water), Myristyl Alcohol, Simmondsia Chinensis (Jojoba) Seed Oil, Pentylene Glycol, Methyl Glucose Sesquistearate, Squalane, Oleyl Erucate, Glyceryl Stearate, Glycerin, Jojoba Esters, Cetyl Alcohol, Polyglycerin-3, Silybum Marianum Seed Oil, Palmitoyl Tetrapeptide-7, Palmitoyl Tripeptide-1, Panthenol, Hesperidine Methyl Chalcon, Tocopherol, Tocopheryl Acetate, Dipeptide-2, Alcohol, Butylene Glycol, Xanthan Gum, Hordeum Vulgare Extract, Sodium Hyaluronate, ACACIA DECURRENS FLOWER WAX, HELIANTHUS ANNUUS (SUNFLOWER) SEED WAX, Glycosphingolipids, Coco-Glucoside, Steareth-20, Carbomer, Phenoxyethanol, Potassium Sorbate, Parfum (Fragrance), Citric Acid, Sodium Lactate<\/p>\n","protected":false},"excerpt":{"rendered":"<p>Gl\u00e4ttende Augenpflege Reduziert Augenf\u00e4ltchen und verfeinert die Poren durch den nat\u00fcrlichen Wirkstoff AquaPront bestehend aus Hyalurons\u00e4ure und Gerste. Zusammen mit<\/p>\n","protected":false},"featured_media":9866,"template":"","meta":[],"product_brand":[],"product_cat":[69],"product_tag":[],"class_list":{"0":"post-10161","1":"product","2":"type-product","3":"status-publish","4":"has-post-thumbnail","6":"product_cat-augenpflege","8":"first","9":"instock","10":"taxable","11":"shipping-taxable","12":"purchasable","13":"product-type-simple"},"_links":{"self":[{"href":"https:\/\/shop.chiquebuer.de\/beaute\/wp-json\/wp\/v2\/product\/10161","targetHints":{"allow":["GET"]}}],"collection":[{"href":"https:\/\/shop.chiquebuer.de\/beaute\/wp-json\/wp\/v2\/product"}],"about":[{"href":"https:\/\/shop.chiquebuer.de\/beaute\/wp-json\/wp\/v2\/types\/product"}],"version-history":[{"count":0,"href":"https:\/\/shop.chiquebuer.de\/beaute\/wp-json\/wp\/v2\/product\/10161\/revisions"}],"wp:featuredmedia":[{"embeddable":true,"href":"https:\/\/shop.chiquebuer.de\/beaute\/wp-json\/wp\/v2\/media\/9866"}],"wp:attachment":[{"href":"https:\/\/shop.chiquebuer.de\/beaute\/wp-json\/wp\/v2\/media?parent=10161"}],"wp:term":[{"taxonomy":"product_brand","embeddable":true,"href":"https:\/\/shop.chiquebuer.de\/beaute\/wp-json\/wp\/v2\/product_brand?post=10161"},{"taxonomy":"product_cat","embeddable":true,"href":"https:\/\/shop.chiquebuer.de\/beaute\/wp-json\/wp\/v2\/product_cat?post=10161"},{"taxonomy":"product_tag","embeddable":true,"href":"https:\/\/shop.chiquebuer.de\/beaute\/wp-json\/wp\/v2\/product_tag?post=10161"}],"curies":[{"name":"wp","href":"https:\/\/api.w.org\/{rel}","templated":true}]}}