{"id":10158,"date":"2020-12-17T14:13:51","date_gmt":"2020-12-17T13:13:51","guid":{"rendered":"https:\/\/shop.chiquebuer.de\/beaute\/?post_type=product&#038;p=10158"},"modified":"2023-02-21T16:44:07","modified_gmt":"2023-02-21T15:44:07","slug":"time-control-day-cream","status":"publish","type":"product","link":"https:\/\/shop.chiquebuer.de\/beaute\/kaufen\/gesichtspflege\/tagespflege\/time-control-day-cream\/","title":{"rendered":"TIME CONTROL Day Cream"},"content":{"rendered":"<p><strong>Luxuri\u00f6se Tagespflege mit Anti-Aging Effekt<\/strong><\/p>\n<p>Unterst\u00fctzt die nat\u00fcrliche Sch\u00f6nheit der Haut, festigt und verfeinert das Hautbild. Die Wirkstoffkombination aus Matrixyl\u00ae 3000, Mariendistel\u00f6l und u.a. Vitamin B3 sch\u00fctzt die Haut nachhaltig vor Umwelteinfl\u00fcssen und versorgt sie mit Feuchtigkeit und regenerierenden N\u00e4hrstoffen. Niacinamide verst\u00e4rkt die Anti-Aging Wirkung. Die Haut wird glatter, ebenm\u00e4\u00dfiger und feiner.<\/p>\n<p><strong>Inhaltsstoffe<\/strong><br \/>\nAqua (Water), Glycerin, Cetearyl Alcohol, Cetearyl Ethylhexanoate, Simmondsia Chinensis (Jojoba) Seed Oil, Persea Gratissima (Avocado) Oil, Butylene Glycol, Alumina, Niacinamide, Squalane, Silybum Marianum Seed Oil, Tocopheryl Acetate, Xylitylglucoside, Cetearyl Glucoside, Anhydroxylitol, Xylitol, Helianthus Annuus (Sunflower) Seed Oil, Rosmarinus Officinalis (Rosemary) leaf Extract, Dimethicone, Retinyl Palmitate, Palmitoyl Tripeptide-1, Palmitoyl Tetrapeptide-7, Xanthan Gum, Carbomer, Coco-Glucoside, Tocopherol, Ethylhexylglycerin, Phenoxyethanol, Sodium Lactate, Pentaerythrityl Tetra-di-t-butyl Hydroxyhydrocinnamate, Parfum (Fragrance)<\/p>\n","protected":false},"excerpt":{"rendered":"<p>Luxuri\u00f6se Tagespflege mit Anti-Aging Effekt Unterst\u00fctzt die nat\u00fcrliche Sch\u00f6nheit der Haut, festigt und verfeinert das Hautbild. Die Wirkstoffkombination aus Matrixyl\u00ae<\/p>\n","protected":false},"featured_media":9863,"template":"","meta":[],"product_brand":[],"product_cat":[67],"product_tag":[],"class_list":{"0":"post-10158","1":"product","2":"type-product","3":"status-publish","4":"has-post-thumbnail","6":"product_cat-tagespflege","8":"first","9":"instock","10":"taxable","11":"shipping-taxable","12":"purchasable","13":"product-type-simple"},"_links":{"self":[{"href":"https:\/\/shop.chiquebuer.de\/beaute\/wp-json\/wp\/v2\/product\/10158","targetHints":{"allow":["GET"]}}],"collection":[{"href":"https:\/\/shop.chiquebuer.de\/beaute\/wp-json\/wp\/v2\/product"}],"about":[{"href":"https:\/\/shop.chiquebuer.de\/beaute\/wp-json\/wp\/v2\/types\/product"}],"version-history":[{"count":0,"href":"https:\/\/shop.chiquebuer.de\/beaute\/wp-json\/wp\/v2\/product\/10158\/revisions"}],"wp:featuredmedia":[{"embeddable":true,"href":"https:\/\/shop.chiquebuer.de\/beaute\/wp-json\/wp\/v2\/media\/9863"}],"wp:attachment":[{"href":"https:\/\/shop.chiquebuer.de\/beaute\/wp-json\/wp\/v2\/media?parent=10158"}],"wp:term":[{"taxonomy":"product_brand","embeddable":true,"href":"https:\/\/shop.chiquebuer.de\/beaute\/wp-json\/wp\/v2\/product_brand?post=10158"},{"taxonomy":"product_cat","embeddable":true,"href":"https:\/\/shop.chiquebuer.de\/beaute\/wp-json\/wp\/v2\/product_cat?post=10158"},{"taxonomy":"product_tag","embeddable":true,"href":"https:\/\/shop.chiquebuer.de\/beaute\/wp-json\/wp\/v2\/product_tag?post=10158"}],"curies":[{"name":"wp","href":"https:\/\/api.w.org\/{rel}","templated":true}]}}