{"id":10136,"date":"2020-12-17T13:32:11","date_gmt":"2020-12-17T12:32:11","guid":{"rendered":"https:\/\/shop.chiquebuer.de\/beaute\/?post_type=product&#038;p=10136"},"modified":"2021-06-14T20:43:21","modified_gmt":"2021-06-14T18:43:21","slug":"active-future-serum","status":"publish","type":"product","link":"https:\/\/shop.chiquebuer.de\/beaute\/kaufen\/gesichtspflege\/serum\/active-future-serum\/","title":{"rendered":"Active Future Serum"},"content":{"rendered":"<p><strong>Intensivserum f\u00fcr die anspruchsvolle Haut<\/strong><\/p>\n<p>Aktivierendes Serum f\u00fcr mehr Vitalit\u00e4t. Das Serum nutzt die nat\u00fcrlich straffende Wirkung von Iris Isoflavonen, Algenextrakt und indischen Wassernabel (Centella Asiatica). Hochdosiert f\u00fchrt diese Wirkstoffkombination zu einer sp\u00fcrbaren Gl\u00e4ttung der Haut. Die Spannkraft der Haut wird verbessert, sie wird fester und elastischer. Vitamine und Wassermelonenextrakt wirken freien Radikalen entgegen und sch\u00fctzen die Haut vor Stress und negativen Umwelteinfl\u00fcssen.<br \/>\nDie leichte Textur zieht sofort ein und hinterl\u00e4sst ein angenehmes, zartes Hautgef\u00fchl.<br \/>\nOhne Parabene, Mineral\u00f6l und PEG-Derivate.<\/p>\n<p><strong>Inhaltsstoffe<\/strong><br \/>\nAqua (Water), Glycerin, Butylene Glycol, Sorbitol, Vitis Vinifera (Grape) Seed Oil, Tocopheryl Acetate, Cetearyl Isononanoate, Sodium Acrylate\/Sodium Acryloyldimethyl Taurate Copolymer, Palmitoyl Proline, Polyisobutene, Sucrose Stearate, Xanthan Gum, Vitis Vinifera (Grape) Seed Extract, Sodium Palmitoyl Sarcosinate, Magnesium Palmitoyl Glutamate, Iris Florentina Root Extract, Citrullus Lanatus (Watermelon) Fruit Extract, Citrulline, Alcohol, Chlorella Vulgaris Extract, Sorbitan Oleate, Caprylyl\/Capryl Glucoside, Asiaticoside, Asiatic Acid, Madecassic Acid, Lecithin, Caprylic\/Capric Triglyceride, Tocopherol, Ascorbyl Tetraisopalmitate, Diisopropyl Adipate, Ubiquinone, Sodium Hydroxide, Phenoxyethanol, Ethylhexylglycerin, Sodium Benzoate, Potassium Sorbate, Parfum (Fragrance), CI 17200 (D&amp;C Red No.33)<\/p>\n","protected":false},"excerpt":{"rendered":"<p>Intensivserum f\u00fcr die anspruchsvolle Haut Aktivierendes Serum f\u00fcr mehr Vitalit\u00e4t. Das Serum nutzt die nat\u00fcrlich straffende Wirkung von Iris Isoflavonen,<\/p>\n","protected":false},"featured_media":9854,"template":"","meta":[],"product_brand":[],"product_cat":[70],"product_tag":[],"class_list":{"0":"post-10136","1":"product","2":"type-product","3":"status-publish","4":"has-post-thumbnail","6":"product_cat-serum","8":"first","9":"outofstock","10":"taxable","11":"shipping-taxable","12":"purchasable","13":"product-type-simple"},"_links":{"self":[{"href":"https:\/\/shop.chiquebuer.de\/beaute\/wp-json\/wp\/v2\/product\/10136","targetHints":{"allow":["GET"]}}],"collection":[{"href":"https:\/\/shop.chiquebuer.de\/beaute\/wp-json\/wp\/v2\/product"}],"about":[{"href":"https:\/\/shop.chiquebuer.de\/beaute\/wp-json\/wp\/v2\/types\/product"}],"version-history":[{"count":0,"href":"https:\/\/shop.chiquebuer.de\/beaute\/wp-json\/wp\/v2\/product\/10136\/revisions"}],"wp:featuredmedia":[{"embeddable":true,"href":"https:\/\/shop.chiquebuer.de\/beaute\/wp-json\/wp\/v2\/media\/9854"}],"wp:attachment":[{"href":"https:\/\/shop.chiquebuer.de\/beaute\/wp-json\/wp\/v2\/media?parent=10136"}],"wp:term":[{"taxonomy":"product_brand","embeddable":true,"href":"https:\/\/shop.chiquebuer.de\/beaute\/wp-json\/wp\/v2\/product_brand?post=10136"},{"taxonomy":"product_cat","embeddable":true,"href":"https:\/\/shop.chiquebuer.de\/beaute\/wp-json\/wp\/v2\/product_cat?post=10136"},{"taxonomy":"product_tag","embeddable":true,"href":"https:\/\/shop.chiquebuer.de\/beaute\/wp-json\/wp\/v2\/product_tag?post=10136"}],"curies":[{"name":"wp","href":"https:\/\/api.w.org\/{rel}","templated":true}]}}