{"id":10130,"date":"2020-12-17T13:19:12","date_gmt":"2020-12-17T12:19:12","guid":{"rendered":"https:\/\/shop.chiquebuer.de\/beaute\/?post_type=product&#038;p=10130"},"modified":"2021-06-14T20:44:34","modified_gmt":"2021-06-14T18:44:34","slug":"active-future-day-cream","status":"publish","type":"product","link":"https:\/\/shop.chiquebuer.de\/beaute\/kaufen\/gesichtspflege\/tagespflege\/active-future-day-cream\/","title":{"rendered":"Active Future Day Cream"},"content":{"rendered":"<p><strong>Tagespflege f\u00fcr die anspruchsvolle Haut<\/strong><\/p>\n<p>Angenehm, samtige Tagescreme, die sowohl unterst\u00fctzend als auch aufbauend wirkt. Iris Isoflavone und Algenextrakt sch\u00fctzen die Haut vor Elasitizit\u00e4ts- und Feuchtigkeitsverlust und festigen sie. Pflegende Traubenkern-, Jojoba- und Avocado\u00f6le machen die Haut geschmeidig und bewahren die jugendliche Ausstrahlung. Eine Kombination aus den Vitaminen A, E, B3 und Wassermelonenextrakt sch\u00fctzt vor freien Radikalen und st\u00e4rkt die Widerstandskraft der Haut. F\u00fcr eine vitale, jugendliche und glatte Haut.<br \/>\nOhne Parabene, Mineral\u00f6l und PEG-Derivate.<\/p>\n<p><strong>Inhaltsstoffe<\/strong><br \/>\nAqua (Water), Butylene Glycol, Glycerin, Persea Gratissima (Avocado) Oil, Cetearyl Alcohol, Simmondsia Chinensis (Jojoba) Seed Oil, Cetearyl Ethylhexanoate, Squalane, Tocopheryl Acetate, Vitis Vinifera (Grape) Seed Oil, Cetearyl Glucoside, Niacinamide, Dimethicone, Xanthan Gum, Vitis Vinifera (Grape) Seed Extract, Iris Florentina Root Extract, Retinyl Palmitate, Citrullus Lanatus (Watermelon) Fruit Extract, Citrulline, Alcohol, Asiaticoside, Chlorella Vulgaris Extract, Madecassic Acid, Asiatic Acid, Citric Acid, Ascorbyl Tetraisopalmitate, Lecithin, Tocopherol, Ubiquinone, Ascorbyl Palmitate, Glyceryl Stearate, Glyceryl Oleate, Caprylic\/Capric Triglyceride, Phenoxyethanol, Ethylhexylglycerin, Sodium Benzoate, Potassium Sorbate, Diisopropyl Adipate, Parfum (Fragrance), CI 17200 (D&amp;C Red No.33)<\/p>\n","protected":false},"excerpt":{"rendered":"<p>Tagespflege f\u00fcr die anspruchsvolle Haut Angenehm, samtige Tagescreme, die sowohl unterst\u00fctzend als auch aufbauend wirkt. Iris Isoflavone und Algenextrakt sch\u00fctzen<\/p>\n","protected":false},"featured_media":9850,"template":"","meta":[],"product_brand":[],"product_cat":[67],"product_tag":[],"class_list":{"0":"post-10130","1":"product","2":"type-product","3":"status-publish","4":"has-post-thumbnail","6":"product_cat-tagespflege","8":"first","9":"outofstock","10":"taxable","11":"shipping-taxable","12":"purchasable","13":"product-type-simple"},"_links":{"self":[{"href":"https:\/\/shop.chiquebuer.de\/beaute\/wp-json\/wp\/v2\/product\/10130","targetHints":{"allow":["GET"]}}],"collection":[{"href":"https:\/\/shop.chiquebuer.de\/beaute\/wp-json\/wp\/v2\/product"}],"about":[{"href":"https:\/\/shop.chiquebuer.de\/beaute\/wp-json\/wp\/v2\/types\/product"}],"version-history":[{"count":0,"href":"https:\/\/shop.chiquebuer.de\/beaute\/wp-json\/wp\/v2\/product\/10130\/revisions"}],"wp:featuredmedia":[{"embeddable":true,"href":"https:\/\/shop.chiquebuer.de\/beaute\/wp-json\/wp\/v2\/media\/9850"}],"wp:attachment":[{"href":"https:\/\/shop.chiquebuer.de\/beaute\/wp-json\/wp\/v2\/media?parent=10130"}],"wp:term":[{"taxonomy":"product_brand","embeddable":true,"href":"https:\/\/shop.chiquebuer.de\/beaute\/wp-json\/wp\/v2\/product_brand?post=10130"},{"taxonomy":"product_cat","embeddable":true,"href":"https:\/\/shop.chiquebuer.de\/beaute\/wp-json\/wp\/v2\/product_cat?post=10130"},{"taxonomy":"product_tag","embeddable":true,"href":"https:\/\/shop.chiquebuer.de\/beaute\/wp-json\/wp\/v2\/product_tag?post=10130"}],"curies":[{"name":"wp","href":"https:\/\/api.w.org\/{rel}","templated":true}]}}